{"id":505,"date":"2021-03-24T16:21:17","date_gmt":"2021-03-24T16:21:17","guid":{"rendered":"https:\/\/schule3636.ch\/?page_id=505"},"modified":"2026-03-24T10:16:10","modified_gmt":"2026-03-24T10:16:10","slug":"downloads","status":"publish","type":"page","link":"https:\/\/schule3636.ch\/index.php\/downloads\/","title":{"rendered":"Downloads"},"content":{"rendered":"\n<p><strong>A<\/strong><\/p>\n\n\n\n<div class=\"wp-block-file\"><a id=\"wp-block-file--media-60d32ff3-f200-4a70-8a24-7cfdd2874e80\" href=\"https:\/\/schule3636.ch\/wp-content\/uploads\/2025\/05\/Kursausschreibung-2025-26_2.pdf\">Angebot der Schule 25\/26_Kursausschreibung<\/a><a href=\"https:\/\/schule3636.ch\/wp-content\/uploads\/2025\/05\/Kursausschreibung-2025-26_2.pdf\" class=\"wp-block-file__button wp-element-button\" download aria-describedby=\"wp-block-file--media-60d32ff3-f200-4a70-8a24-7cfdd2874e80\">Herunterladen<\/a><\/div>\n\n\n\n<div class=\"wp-block-file\"><a id=\"wp-block-file--media-5f3e5001-8fca-46c9-a7db-dba9c720ade3\" href=\"https:\/\/schule3636.ch\/wp-content\/uploads\/2025\/05\/Fakultativer-Unterricht_Anmeldung_2025_26.pdf\">Angebot der Schule 25\/26_Anmeldung<\/a><a href=\"https:\/\/schule3636.ch\/wp-content\/uploads\/2025\/05\/Fakultativer-Unterricht_Anmeldung_2025_26.pdf\" class=\"wp-block-file__button wp-element-button\" download aria-describedby=\"wp-block-file--media-5f3e5001-8fca-46c9-a7db-dba9c720ade3\">Herunterladen<\/a><\/div>\n\n\n\n<p><strong>B<\/strong><\/p>\n\n\n\n<div class=\"wp-block-file\"><a id=\"wp-block-file--media-658fbc05-36ff-46f3-beee-93f1bbd014b8\" href=\"https:\/\/schule3636.ch\/wp-content\/uploads\/2025\/10\/Broschuere-Herzlich-willkommen-25_26.pdf\">Brosch\u00fcre Herzlich Willkommen 25\/26<\/a><a href=\"https:\/\/schule3636.ch\/wp-content\/uploads\/2025\/10\/Broschuere-Herzlich-willkommen-25_26.pdf\" class=\"wp-block-file__button wp-element-button\" download aria-describedby=\"wp-block-file--media-658fbc05-36ff-46f3-beee-93f1bbd014b8\">Herunterladen<\/a><\/div>\n\n\n\n<p><strong>C<\/strong><\/p>\n\n\n\n<p><strong>D<\/strong><\/p>\n\n\n\n<p><strong>E<\/strong><\/p>\n\n\n\n<p><strong>F<\/strong><\/p>\n\n\n\n<div class=\"wp-block-file\"><a id=\"wp-block-file--media-60bcd95c-d619-4cf6-8ac3-d6fae0253e6d\" href=\"https:\/\/schule3636.ch\/wp-content\/uploads\/2026\/03\/Ferienplan-bis-Sommer-2030.pdf\">Ferienplan bis Sommer 2030<\/a><a href=\"https:\/\/schule3636.ch\/wp-content\/uploads\/2026\/03\/Ferienplan-bis-Sommer-2030.pdf\" class=\"wp-block-file__button wp-element-button\" download aria-describedby=\"wp-block-file--media-60bcd95c-d619-4cf6-8ac3-d6fae0253e6d\">Herunterladen<\/a><\/div>\n\n\n\n<div class=\"wp-block-file\"><a id=\"wp-block-file--media-cb70b19d-7a14-49ce-ad10-6f0e3044e46c\" href=\"https:\/\/schule3636.ch\/wp-content\/uploads\/2024\/09\/SPU_Flyer_Forst-Laengenbuehl-1.pdf\">Flyer Spezialunterricht<\/a><a href=\"https:\/\/schule3636.ch\/wp-content\/uploads\/2024\/09\/SPU_Flyer_Forst-Laengenbuehl-1.pdf\" class=\"wp-block-file__button wp-element-button\" download aria-describedby=\"wp-block-file--media-cb70b19d-7a14-49ce-ad10-6f0e3044e46c\">Herunterladen<\/a><\/div>\n\n\n\n<p><strong>G<\/strong><\/p>\n\n\n\n<div class=\"wp-block-file\"><a id=\"wp-block-file--media-864fd08d-907b-489a-9cfc-28de537502e0\" href=\"https:\/\/schule3636.ch\/wp-content\/uploads\/2025\/05\/Stundenplan_25_26.pdf\">Gesamtstundenplan 25\/26<\/a><a href=\"https:\/\/schule3636.ch\/wp-content\/uploads\/2025\/05\/Stundenplan_25_26.pdf\" class=\"wp-block-file__button wp-element-button\" download aria-describedby=\"wp-block-file--media-864fd08d-907b-489a-9cfc-28de537502e0\">Herunterladen<\/a><\/div>\n\n\n\n<p><strong>H<\/strong> <strong>&#8211; O<\/strong><\/p>\n\n\n\n<p><strong>P<\/strong><\/p>\n\n\n\n<div class=\"wp-block-file\"><a id=\"wp-block-file--media-5918cc07-874e-4aa2-b7c7-bd5ca222195a\" href=\"https:\/\/schule3636.ch\/wp-content\/uploads\/2025\/01\/Pausenreglement.pdf\">Pausenreglement<\/a><a href=\"https:\/\/schule3636.ch\/wp-content\/uploads\/2025\/01\/Pausenreglement.pdf\" class=\"wp-block-file__button wp-element-button\" download aria-describedby=\"wp-block-file--media-5918cc07-874e-4aa2-b7c7-bd5ca222195a\">Herunterladen<\/a><\/div>\n\n\n\n<p><strong>Q<\/strong><\/p>\n\n\n\n<p><strong>R<\/strong><\/p>\n\n\n\n<p><strong>S<\/strong><\/p>\n\n\n\n<div class=\"wp-block-file\"><a id=\"wp-block-file--media-13509823-5a0f-4848-9082-8bf7f9cdad34\" href=\"https:\/\/schule3636.ch\/wp-content\/uploads\/2026\/02\/Sozialarbeit-an-der-Schule-Elterninfo-1.pdf\">Sozialarbeit an der Schule_Elterninfo<\/a><a href=\"https:\/\/schule3636.ch\/wp-content\/uploads\/2026\/02\/Sozialarbeit-an-der-Schule-Elterninfo-1.pdf\" class=\"wp-block-file__button wp-element-button\" download aria-describedby=\"wp-block-file--media-13509823-5a0f-4848-9082-8bf7f9cdad34\">Herunterladen<\/a><\/div>\n\n\n\n<div class=\"wp-block-file\"><a id=\"wp-block-file--media-08af66df-cc03-4378-bed1-131ec22a2139\" href=\"https:\/\/schule3636.ch\/wp-content\/uploads\/2026\/02\/Anmeldeformular-1.pdf\">Spiel- und Sporttag_Anmeldeformular<\/a><a href=\"https:\/\/schule3636.ch\/wp-content\/uploads\/2026\/02\/Anmeldeformular-1.pdf\" class=\"wp-block-file__button wp-element-button\" download aria-describedby=\"wp-block-file--media-08af66df-cc03-4378-bed1-131ec22a2139\">Herunterladen<\/a><\/div>\n\n\n\n<div class=\"wp-block-file\"><a id=\"wp-block-file--media-22977bd4-b5e9-4461-b791-9b0fd91b1836\" href=\"https:\/\/schule3636.ch\/wp-content\/uploads\/2026\/02\/Info-zur-Anmeldung-1.pdf\">Spiel- und Sporttag_Info zur Anmeldung<\/a><a href=\"https:\/\/schule3636.ch\/wp-content\/uploads\/2026\/02\/Info-zur-Anmeldung-1.pdf\" class=\"wp-block-file__button wp-element-button\" download aria-describedby=\"wp-block-file--media-22977bd4-b5e9-4461-b791-9b0fd91b1836\">Herunterladen<\/a><\/div>\n\n\n\n<div class=\"wp-block-file\"><a id=\"wp-block-file--media-cbf284eb-3bb2-4a27-9bcc-84a35db4fd58\" href=\"https:\/\/schule3636.ch\/wp-content\/uploads\/2026\/01\/Stundenplan-25_26-1.pdf\">Stundenplan Kindergarten 25\/26<\/a><a href=\"https:\/\/schule3636.ch\/wp-content\/uploads\/2026\/01\/Stundenplan-25_26-1.pdf\" class=\"wp-block-file__button wp-element-button\" download aria-describedby=\"wp-block-file--media-cbf284eb-3bb2-4a27-9bcc-84a35db4fd58\">Herunterladen<\/a><\/div>\n\n\n\n<p><strong>T &#8211; Z<\/strong><\/p>\n\n\n\n<p><\/p>\n","protected":false},"excerpt":{"rendered":"<p>A B C D E F G H &#8211; O P Q R S T &#8211; Z<\/p>\n","protected":false},"author":1,"featured_media":0,"parent":0,"menu_order":0,"comment_status":"closed","ping_status":"closed","template":"","meta":{"footnotes":""},"class_list":["post-505","page","type-page","status-publish","hentry"],"yoast_head":"<!-- This site is optimized with the Yoast SEO plugin v27.4 - https:\/\/yoast.com\/product\/yoast-seo-wordpress\/ -->\n<title>Downloads - Primarschule Forst-L\u00e4ngenb\u00fchl<\/title>\n<meta name=\"robots\" content=\"index, follow, max-snippet:-1, max-image-preview:large, max-video-preview:-1\" \/>\n<link rel=\"canonical\" href=\"https:\/\/schule3636.ch\/index.php\/downloads\/\" \/>\n<meta property=\"og:locale\" content=\"de_DE\" \/>\n<meta property=\"og:type\" content=\"article\" \/>\n<meta property=\"og:title\" content=\"Downloads - Primarschule Forst-L\u00e4ngenb\u00fchl\" \/>\n<meta property=\"og:description\" content=\"A B C D E F G H &#8211; O P Q R S T &#8211; Z\" \/>\n<meta property=\"og:url\" content=\"https:\/\/schule3636.ch\/index.php\/downloads\/\" \/>\n<meta property=\"og:site_name\" content=\"Primarschule Forst-L\u00e4ngenb\u00fchl\" \/>\n<meta property=\"article:modified_time\" content=\"2026-03-24T10:16:10+00:00\" \/>\n<meta name=\"twitter:card\" content=\"summary_large_image\" \/>\n<meta name=\"twitter:label1\" content=\"Gesch\u00e4tzte Lesezeit\" \/>\n\t<meta name=\"twitter:data1\" content=\"1\u00a0Minute\" \/>\n<script type=\"application\/ld+json\" class=\"yoast-schema-graph\">{\"@context\":\"https:\\\/\\\/schema.org\",\"@graph\":[{\"@type\":\"WebPage\",\"@id\":\"https:\\\/\\\/schule3636.ch\\\/index.php\\\/downloads\\\/\",\"url\":\"https:\\\/\\\/schule3636.ch\\\/index.php\\\/downloads\\\/\",\"name\":\"Downloads - Primarschule Forst-L\u00e4ngenb\u00fchl\",\"isPartOf\":{\"@id\":\"https:\\\/\\\/schule3636.ch\\\/#website\"},\"datePublished\":\"2021-03-24T16:21:17+00:00\",\"dateModified\":\"2026-03-24T10:16:10+00:00\",\"breadcrumb\":{\"@id\":\"https:\\\/\\\/schule3636.ch\\\/index.php\\\/downloads\\\/#breadcrumb\"},\"inLanguage\":\"de\",\"potentialAction\":[{\"@type\":\"ReadAction\",\"target\":[\"https:\\\/\\\/schule3636.ch\\\/index.php\\\/downloads\\\/\"]}]},{\"@type\":\"BreadcrumbList\",\"@id\":\"https:\\\/\\\/schule3636.ch\\\/index.php\\\/downloads\\\/#breadcrumb\",\"itemListElement\":[{\"@type\":\"ListItem\",\"position\":1,\"name\":\"Home\",\"item\":\"https:\\\/\\\/schule3636.ch\\\/\"},{\"@type\":\"ListItem\",\"position\":2,\"name\":\"Downloads\"}]},{\"@type\":\"WebSite\",\"@id\":\"https:\\\/\\\/schule3636.ch\\\/#website\",\"url\":\"https:\\\/\\\/schule3636.ch\\\/\",\"name\":\"Primarschule Forst-L\u00e4ngenb\u00fchl\",\"description\":\"\",\"publisher\":{\"@id\":\"https:\\\/\\\/schule3636.ch\\\/#organization\"},\"potentialAction\":[{\"@type\":\"SearchAction\",\"target\":{\"@type\":\"EntryPoint\",\"urlTemplate\":\"https:\\\/\\\/schule3636.ch\\\/?s={search_term_string}\"},\"query-input\":{\"@type\":\"PropertyValueSpecification\",\"valueRequired\":true,\"valueName\":\"search_term_string\"}}],\"inLanguage\":\"de\"},{\"@type\":\"Organization\",\"@id\":\"https:\\\/\\\/schule3636.ch\\\/#organization\",\"name\":\"Primarschule Forst-L\u00e4ngenb\u00fchl\",\"url\":\"https:\\\/\\\/schule3636.ch\\\/\",\"logo\":{\"@type\":\"ImageObject\",\"inLanguage\":\"de\",\"@id\":\"https:\\\/\\\/schule3636.ch\\\/#\\\/schema\\\/logo\\\/image\\\/\",\"url\":\"https:\\\/\\\/schule3636.ch\\\/wp-content\\\/uploads\\\/2020\\\/11\\\/cropped-cropped-cropped-Unbenannt.png\",\"contentUrl\":\"https:\\\/\\\/schule3636.ch\\\/wp-content\\\/uploads\\\/2020\\\/11\\\/cropped-cropped-cropped-Unbenannt.png\",\"width\":218,\"height\":86,\"caption\":\"Primarschule Forst-L\u00e4ngenb\u00fchl\"},\"image\":{\"@id\":\"https:\\\/\\\/schule3636.ch\\\/#\\\/schema\\\/logo\\\/image\\\/\"}}]}<\/script>\n<!-- \/ Yoast SEO plugin. -->","yoast_head_json":{"title":"Downloads - Primarschule Forst-L\u00e4ngenb\u00fchl","robots":{"index":"index","follow":"follow","max-snippet":"max-snippet:-1","max-image-preview":"max-image-preview:large","max-video-preview":"max-video-preview:-1"},"canonical":"https:\/\/schule3636.ch\/index.php\/downloads\/","og_locale":"de_DE","og_type":"article","og_title":"Downloads - Primarschule Forst-L\u00e4ngenb\u00fchl","og_description":"A B C D E F G H &#8211; O P Q R S T &#8211; Z","og_url":"https:\/\/schule3636.ch\/index.php\/downloads\/","og_site_name":"Primarschule Forst-L\u00e4ngenb\u00fchl","article_modified_time":"2026-03-24T10:16:10+00:00","twitter_card":"summary_large_image","twitter_misc":{"Gesch\u00e4tzte Lesezeit":"1\u00a0Minute"},"schema":{"@context":"https:\/\/schema.org","@graph":[{"@type":"WebPage","@id":"https:\/\/schule3636.ch\/index.php\/downloads\/","url":"https:\/\/schule3636.ch\/index.php\/downloads\/","name":"Downloads - Primarschule Forst-L\u00e4ngenb\u00fchl","isPartOf":{"@id":"https:\/\/schule3636.ch\/#website"},"datePublished":"2021-03-24T16:21:17+00:00","dateModified":"2026-03-24T10:16:10+00:00","breadcrumb":{"@id":"https:\/\/schule3636.ch\/index.php\/downloads\/#breadcrumb"},"inLanguage":"de","potentialAction":[{"@type":"ReadAction","target":["https:\/\/schule3636.ch\/index.php\/downloads\/"]}]},{"@type":"BreadcrumbList","@id":"https:\/\/schule3636.ch\/index.php\/downloads\/#breadcrumb","itemListElement":[{"@type":"ListItem","position":1,"name":"Home","item":"https:\/\/schule3636.ch\/"},{"@type":"ListItem","position":2,"name":"Downloads"}]},{"@type":"WebSite","@id":"https:\/\/schule3636.ch\/#website","url":"https:\/\/schule3636.ch\/","name":"Primarschule Forst-L\u00e4ngenb\u00fchl","description":"","publisher":{"@id":"https:\/\/schule3636.ch\/#organization"},"potentialAction":[{"@type":"SearchAction","target":{"@type":"EntryPoint","urlTemplate":"https:\/\/schule3636.ch\/?s={search_term_string}"},"query-input":{"@type":"PropertyValueSpecification","valueRequired":true,"valueName":"search_term_string"}}],"inLanguage":"de"},{"@type":"Organization","@id":"https:\/\/schule3636.ch\/#organization","name":"Primarschule Forst-L\u00e4ngenb\u00fchl","url":"https:\/\/schule3636.ch\/","logo":{"@type":"ImageObject","inLanguage":"de","@id":"https:\/\/schule3636.ch\/#\/schema\/logo\/image\/","url":"https:\/\/schule3636.ch\/wp-content\/uploads\/2020\/11\/cropped-cropped-cropped-Unbenannt.png","contentUrl":"https:\/\/schule3636.ch\/wp-content\/uploads\/2020\/11\/cropped-cropped-cropped-Unbenannt.png","width":218,"height":86,"caption":"Primarschule Forst-L\u00e4ngenb\u00fchl"},"image":{"@id":"https:\/\/schule3636.ch\/#\/schema\/logo\/image\/"}}]}},"_links":{"self":[{"href":"https:\/\/schule3636.ch\/index.php\/wp-json\/wp\/v2\/pages\/505","targetHints":{"allow":["GET"]}}],"collection":[{"href":"https:\/\/schule3636.ch\/index.php\/wp-json\/wp\/v2\/pages"}],"about":[{"href":"https:\/\/schule3636.ch\/index.php\/wp-json\/wp\/v2\/types\/page"}],"author":[{"embeddable":true,"href":"https:\/\/schule3636.ch\/index.php\/wp-json\/wp\/v2\/users\/1"}],"replies":[{"embeddable":true,"href":"https:\/\/schule3636.ch\/index.php\/wp-json\/wp\/v2\/comments?post=505"}],"version-history":[{"count":38,"href":"https:\/\/schule3636.ch\/index.php\/wp-json\/wp\/v2\/pages\/505\/revisions"}],"predecessor-version":[{"id":3720,"href":"https:\/\/schule3636.ch\/index.php\/wp-json\/wp\/v2\/pages\/505\/revisions\/3720"}],"wp:attachment":[{"href":"https:\/\/schule3636.ch\/index.php\/wp-json\/wp\/v2\/media?parent=505"}],"curies":[{"name":"wp","href":"https:\/\/api.w.org\/{rel}","templated":true}]}}