{"id":537,"date":"2021-03-24T18:18:28","date_gmt":"2021-03-24T18:18:28","guid":{"rendered":"https:\/\/schule3636.ch\/?page_id=537"},"modified":"2023-01-17T11:52:18","modified_gmt":"2023-01-17T11:52:18","slug":"schulkommission","status":"publish","type":"page","link":"https:\/\/schule3636.ch\/index.php\/schulkommission\/","title":{"rendered":"Schulkommission"},"content":{"rendered":"\n<p>Die Schulkommission besteht einschliesslich des Pr\u00e4sidenten aus 5 Mitgliedern.<\/p>\n\n\n\n<p><strong>Pr\u00e4sident<\/strong><br>Sandro Zimmermann (Gemeinderat Ressort Bildung)<br><br><strong>Vizepr\u00e4sident<\/strong><br>Christian H\u00e4nni\u00a0 \u00a0 \u00a0 \u00a0 \u00a0 \u00a0 \u00a0 \u00a0 \u00a0 \u00a0 \u00a0 \u00a0 \u00a0 \u00a0 \u00a0 \u00a0 \u00a0 \u00a0 \u00a0\u00a0<br><br><strong>Mitglieder<\/strong><br>Nicole Wenger<br>Petra Aebi<br>Daniel Aebersold<br><br>Die Schulkommissionen sind f\u00fcr die strategisch-politische F\u00fchrung der Schule verantwortlich. <\/p>\n\n\n\n<p>Anfragen sind schriftlich an das Sekretariat zu adressieren.<\/p>\n\n\n\n<p><br><strong>Kontaktstelle:<\/strong><br>Gemeindeverwaltung Forst-L\u00e4ngenb\u00fchl<br>z.H. Schulkommission<br>Seematt 7<br>3636 L\u00e4ngenb\u00fchl<\/p>\n\n\n\n<p>Tel. 033 356 02 15<br><strong><a href=\"mailto:gemeinde@3636.ch\" target=\"_blank\" rel=\"noreferrer noopener\">gemeinde@3636.ch<\/a><\/strong><\/p>\n","protected":false},"excerpt":{"rendered":"<p>Die Schulkommission besteht einschliesslich des Pr\u00e4sidenten aus 5 Mitgliedern. Pr\u00e4sidentSandro Zimmermann (Gemeinderat Ressort Bildung) Vizepr\u00e4sidentChristian H\u00e4nni\u00a0 \u00a0 \u00a0 \u00a0 \u00a0 &hellip; <\/p>\n","protected":false},"author":1,"featured_media":0,"parent":0,"menu_order":0,"comment_status":"closed","ping_status":"closed","template":"","meta":{"footnotes":""},"class_list":["post-537","page","type-page","status-publish","hentry"],"yoast_head":"<!-- This site is optimized with the Yoast SEO plugin v27.4 - https:\/\/yoast.com\/product\/yoast-seo-wordpress\/ -->\n<title>Schulkommission - Primarschule Forst-L\u00e4ngenb\u00fchl<\/title>\n<meta name=\"robots\" content=\"index, follow, max-snippet:-1, max-image-preview:large, max-video-preview:-1\" \/>\n<link rel=\"canonical\" href=\"https:\/\/schule3636.ch\/index.php\/schulkommission\/\" \/>\n<meta property=\"og:locale\" content=\"de_DE\" \/>\n<meta property=\"og:type\" content=\"article\" \/>\n<meta property=\"og:title\" content=\"Schulkommission - Primarschule Forst-L\u00e4ngenb\u00fchl\" \/>\n<meta property=\"og:description\" content=\"Die Schulkommission besteht einschliesslich des Pr\u00e4sidenten aus 5 Mitgliedern. Pr\u00e4sidentSandro Zimmermann (Gemeinderat Ressort Bildung) Vizepr\u00e4sidentChristian H\u00e4nni\u00a0 \u00a0 \u00a0 \u00a0 \u00a0 &hellip;\" \/>\n<meta property=\"og:url\" content=\"https:\/\/schule3636.ch\/index.php\/schulkommission\/\" \/>\n<meta property=\"og:site_name\" content=\"Primarschule Forst-L\u00e4ngenb\u00fchl\" \/>\n<meta property=\"article:modified_time\" content=\"2023-01-17T11:52:18+00:00\" \/>\n<meta name=\"twitter:card\" content=\"summary_large_image\" \/>\n<meta name=\"twitter:label1\" content=\"Gesch\u00e4tzte Lesezeit\" \/>\n\t<meta name=\"twitter:data1\" content=\"1\u00a0Minute\" \/>\n<script type=\"application\/ld+json\" class=\"yoast-schema-graph\">{\"@context\":\"https:\\\/\\\/schema.org\",\"@graph\":[{\"@type\":\"WebPage\",\"@id\":\"https:\\\/\\\/schule3636.ch\\\/index.php\\\/schulkommission\\\/\",\"url\":\"https:\\\/\\\/schule3636.ch\\\/index.php\\\/schulkommission\\\/\",\"name\":\"Schulkommission - Primarschule Forst-L\u00e4ngenb\u00fchl\",\"isPartOf\":{\"@id\":\"https:\\\/\\\/schule3636.ch\\\/#website\"},\"datePublished\":\"2021-03-24T18:18:28+00:00\",\"dateModified\":\"2023-01-17T11:52:18+00:00\",\"breadcrumb\":{\"@id\":\"https:\\\/\\\/schule3636.ch\\\/index.php\\\/schulkommission\\\/#breadcrumb\"},\"inLanguage\":\"de\",\"potentialAction\":[{\"@type\":\"ReadAction\",\"target\":[\"https:\\\/\\\/schule3636.ch\\\/index.php\\\/schulkommission\\\/\"]}]},{\"@type\":\"BreadcrumbList\",\"@id\":\"https:\\\/\\\/schule3636.ch\\\/index.php\\\/schulkommission\\\/#breadcrumb\",\"itemListElement\":[{\"@type\":\"ListItem\",\"position\":1,\"name\":\"Home\",\"item\":\"https:\\\/\\\/schule3636.ch\\\/\"},{\"@type\":\"ListItem\",\"position\":2,\"name\":\"Schulkommission\"}]},{\"@type\":\"WebSite\",\"@id\":\"https:\\\/\\\/schule3636.ch\\\/#website\",\"url\":\"https:\\\/\\\/schule3636.ch\\\/\",\"name\":\"Primarschule Forst-L\u00e4ngenb\u00fchl\",\"description\":\"\",\"publisher\":{\"@id\":\"https:\\\/\\\/schule3636.ch\\\/#organization\"},\"potentialAction\":[{\"@type\":\"SearchAction\",\"target\":{\"@type\":\"EntryPoint\",\"urlTemplate\":\"https:\\\/\\\/schule3636.ch\\\/?s={search_term_string}\"},\"query-input\":{\"@type\":\"PropertyValueSpecification\",\"valueRequired\":true,\"valueName\":\"search_term_string\"}}],\"inLanguage\":\"de\"},{\"@type\":\"Organization\",\"@id\":\"https:\\\/\\\/schule3636.ch\\\/#organization\",\"name\":\"Primarschule Forst-L\u00e4ngenb\u00fchl\",\"url\":\"https:\\\/\\\/schule3636.ch\\\/\",\"logo\":{\"@type\":\"ImageObject\",\"inLanguage\":\"de\",\"@id\":\"https:\\\/\\\/schule3636.ch\\\/#\\\/schema\\\/logo\\\/image\\\/\",\"url\":\"https:\\\/\\\/schule3636.ch\\\/wp-content\\\/uploads\\\/2020\\\/11\\\/cropped-cropped-cropped-Unbenannt.png\",\"contentUrl\":\"https:\\\/\\\/schule3636.ch\\\/wp-content\\\/uploads\\\/2020\\\/11\\\/cropped-cropped-cropped-Unbenannt.png\",\"width\":218,\"height\":86,\"caption\":\"Primarschule Forst-L\u00e4ngenb\u00fchl\"},\"image\":{\"@id\":\"https:\\\/\\\/schule3636.ch\\\/#\\\/schema\\\/logo\\\/image\\\/\"}}]}<\/script>\n<!-- \/ Yoast SEO plugin. -->","yoast_head_json":{"title":"Schulkommission - Primarschule Forst-L\u00e4ngenb\u00fchl","robots":{"index":"index","follow":"follow","max-snippet":"max-snippet:-1","max-image-preview":"max-image-preview:large","max-video-preview":"max-video-preview:-1"},"canonical":"https:\/\/schule3636.ch\/index.php\/schulkommission\/","og_locale":"de_DE","og_type":"article","og_title":"Schulkommission - Primarschule Forst-L\u00e4ngenb\u00fchl","og_description":"Die Schulkommission besteht einschliesslich des Pr\u00e4sidenten aus 5 Mitgliedern. Pr\u00e4sidentSandro Zimmermann (Gemeinderat Ressort Bildung) Vizepr\u00e4sidentChristian H\u00e4nni\u00a0 \u00a0 \u00a0 \u00a0 \u00a0 &hellip;","og_url":"https:\/\/schule3636.ch\/index.php\/schulkommission\/","og_site_name":"Primarschule Forst-L\u00e4ngenb\u00fchl","article_modified_time":"2023-01-17T11:52:18+00:00","twitter_card":"summary_large_image","twitter_misc":{"Gesch\u00e4tzte Lesezeit":"1\u00a0Minute"},"schema":{"@context":"https:\/\/schema.org","@graph":[{"@type":"WebPage","@id":"https:\/\/schule3636.ch\/index.php\/schulkommission\/","url":"https:\/\/schule3636.ch\/index.php\/schulkommission\/","name":"Schulkommission - Primarschule Forst-L\u00e4ngenb\u00fchl","isPartOf":{"@id":"https:\/\/schule3636.ch\/#website"},"datePublished":"2021-03-24T18:18:28+00:00","dateModified":"2023-01-17T11:52:18+00:00","breadcrumb":{"@id":"https:\/\/schule3636.ch\/index.php\/schulkommission\/#breadcrumb"},"inLanguage":"de","potentialAction":[{"@type":"ReadAction","target":["https:\/\/schule3636.ch\/index.php\/schulkommission\/"]}]},{"@type":"BreadcrumbList","@id":"https:\/\/schule3636.ch\/index.php\/schulkommission\/#breadcrumb","itemListElement":[{"@type":"ListItem","position":1,"name":"Home","item":"https:\/\/schule3636.ch\/"},{"@type":"ListItem","position":2,"name":"Schulkommission"}]},{"@type":"WebSite","@id":"https:\/\/schule3636.ch\/#website","url":"https:\/\/schule3636.ch\/","name":"Primarschule Forst-L\u00e4ngenb\u00fchl","description":"","publisher":{"@id":"https:\/\/schule3636.ch\/#organization"},"potentialAction":[{"@type":"SearchAction","target":{"@type":"EntryPoint","urlTemplate":"https:\/\/schule3636.ch\/?s={search_term_string}"},"query-input":{"@type":"PropertyValueSpecification","valueRequired":true,"valueName":"search_term_string"}}],"inLanguage":"de"},{"@type":"Organization","@id":"https:\/\/schule3636.ch\/#organization","name":"Primarschule Forst-L\u00e4ngenb\u00fchl","url":"https:\/\/schule3636.ch\/","logo":{"@type":"ImageObject","inLanguage":"de","@id":"https:\/\/schule3636.ch\/#\/schema\/logo\/image\/","url":"https:\/\/schule3636.ch\/wp-content\/uploads\/2020\/11\/cropped-cropped-cropped-Unbenannt.png","contentUrl":"https:\/\/schule3636.ch\/wp-content\/uploads\/2020\/11\/cropped-cropped-cropped-Unbenannt.png","width":218,"height":86,"caption":"Primarschule Forst-L\u00e4ngenb\u00fchl"},"image":{"@id":"https:\/\/schule3636.ch\/#\/schema\/logo\/image\/"}}]}},"_links":{"self":[{"href":"https:\/\/schule3636.ch\/index.php\/wp-json\/wp\/v2\/pages\/537","targetHints":{"allow":["GET"]}}],"collection":[{"href":"https:\/\/schule3636.ch\/index.php\/wp-json\/wp\/v2\/pages"}],"about":[{"href":"https:\/\/schule3636.ch\/index.php\/wp-json\/wp\/v2\/types\/page"}],"author":[{"embeddable":true,"href":"https:\/\/schule3636.ch\/index.php\/wp-json\/wp\/v2\/users\/1"}],"replies":[{"embeddable":true,"href":"https:\/\/schule3636.ch\/index.php\/wp-json\/wp\/v2\/comments?post=537"}],"version-history":[{"count":7,"href":"https:\/\/schule3636.ch\/index.php\/wp-json\/wp\/v2\/pages\/537\/revisions"}],"predecessor-version":[{"id":1915,"href":"https:\/\/schule3636.ch\/index.php\/wp-json\/wp\/v2\/pages\/537\/revisions\/1915"}],"wp:attachment":[{"href":"https:\/\/schule3636.ch\/index.php\/wp-json\/wp\/v2\/media?parent=537"}],"curies":[{"name":"wp","href":"https:\/\/api.w.org\/{rel}","templated":true}]}}